{"id":19,"date":"2015-12-01T13:17:26","date_gmt":"2015-12-01T12:17:26","guid":{"rendered":"http:\/\/kf.3010.pl\/?page_id=19"},"modified":"2017-02-09T14:53:22","modified_gmt":"2017-02-09T13:53:22","slug":"logistyka","status":"publish","type":"page","link":"http:\/\/kf-logistic.com\/dk\/logistyka\/","title":{"rendered":"LOGISTIK"},"content":{"rendered":"<p><\/p>\n<p align=\"justify\">Takket v\u00e6re vores erfaring og logistikbase, tilbyder vi ogs\u00e5 tjenesteydelser, der best\u00e5r i bistand ved ledelse og administration af transportvirksomhed i Polen og i Danmark. <\/p>\n<p align=\"justify\">Desuden hj\u00e6lper vi gerne polske vognm\u00e6ndsforretninger med at indlede samarbejde med skandinaviske spedit\u00f8rer, samt med tilsyn med og l\u00f8bende vedligeholdelse af vogparker. Vi tilbyder km-garanti og optimal udnyttelse af indtjeningsmuligheder.<\/p>\n<h3 style=\"text-align: center;\" align=\"justify\">Hvis De er interesseret i at samarbejde med os, bedes De kontakte os p\u00e5:<\/h3>\n<p style=\"text-align: center;\" align=\"justify\"><a href=\"tel:+4540461721\">+45 40 46 17 21<\/a><\/p>\n<p style=\"text-align: center;\" align=\"justify\"><a href=\"tel:+48666039036\">+48 666 039 036<\/a><\/p>\n<p style=\"text-align: center;\" align=\"justify\"><a href=\"mailto:knudsen@kf-logistic.com\"><span style=\"font-size: medium;\"><span lang=\"en-US\">knudsen@kf-logistic.com<\/span><\/span><\/a><\/p>\n<p><\/p>","protected":false},"excerpt":{"rendered":"<p>Takket v\u00e6re vores erfaring og logistikbase, tilbyder vi ogs\u00e5 tjenesteydelser, der best\u00e5r i bistand ved ledelse og administration af transportvirksomhed i Polen og i Danmark. Desuden hj\u00e6lper vi gerne polske vognm\u00e6ndsforretninger med at indlede samarbejde med skandinaviske spedit\u00f8rer, samt med tilsyn med og l\u00f8bende vedligeholdelse af vogparker. Vi tilbyder km-garanti og optimal udnyttelse af indtjeningsmuligheder. &hellip; <a href=\"http:\/\/kf-logistic.com\/dk\/logistyka\/\" class=\"more-link\">Continue reading <span class=\"screen-reader-text\">LOGISTIK<\/span><\/a><\/p>\n","protected":false},"author":1,"featured_media":0,"parent":0,"menu_order":0,"comment_status":"closed","ping_status":"closed","template":"","meta":[],"acf":[],"_links":{"self":[{"href":"http:\/\/kf-logistic.com\/dk\/wp-json\/wp\/v2\/pages\/19"}],"collection":[{"href":"http:\/\/kf-logistic.com\/dk\/wp-json\/wp\/v2\/pages"}],"about":[{"href":"http:\/\/kf-logistic.com\/dk\/wp-json\/wp\/v2\/types\/page"}],"author":[{"embeddable":true,"href":"http:\/\/kf-logistic.com\/dk\/wp-json\/wp\/v2\/users\/1"}],"replies":[{"embeddable":true,"href":"http:\/\/kf-logistic.com\/dk\/wp-json\/wp\/v2\/comments?post=19"}],"version-history":[{"count":3,"href":"http:\/\/kf-logistic.com\/dk\/wp-json\/wp\/v2\/pages\/19\/revisions"}],"predecessor-version":[{"id":175,"href":"http:\/\/kf-logistic.com\/dk\/wp-json\/wp\/v2\/pages\/19\/revisions\/175"}],"wp:attachment":[{"href":"http:\/\/kf-logistic.com\/dk\/wp-json\/wp\/v2\/media?parent=19"}],"curies":[{"name":"wp","href":"https:\/\/api.w.org\/{rel}","templated":true}]}}