{"id":7,"date":"2015-12-01T13:16:19","date_gmt":"2015-12-01T12:16:19","guid":{"rendered":"http:\/\/kf.3010.pl\/?page_id=7"},"modified":"2022-10-31T13:48:34","modified_gmt":"2022-10-31T12:48:34","slug":"o-nas","status":"publish","type":"page","link":"http:\/\/kf-logistic.com\/dk\/o-nas\/","title":{"rendered":"OM OS"},"content":{"rendered":"<p><strong>KF LOGISTIC er et internationalt transportfirma<\/strong>, der ud\u00f8ver sin virksomhed p\u00e5 det skandinaviske marked. Vores r\u00f8dder g\u00e5r tilbage til 1985. Den opn\u00e5ede succes med at drive vores forretning, den h\u00f8stede erfaring samt de voksende krav fra markedet har givet os en\u00a0tilskyndelse til at starte virksomheden i Polen.<br \/>\nFor nuv\u00e6rende omfatter vores vognpark 27 moderne s\u00e6ttevognstr\u00e6kkere, hovedsageligt fra Mercedes, Volvo og Scania.<\/p>\n<p>Derudover tilbyder vi vores kunder en logistikbase, lagerfaciliteter og k\u00f8lehaller.<\/p>\n<p>Vi garanterer maksimal lastsikkerhed og, takket v\u00e6re vedvarende kommunikation og GPS-tracking, n\u00f8jagtig overholdelse af frister for udf\u00f8relse af ordrer fra vores kunder samt fuldst\u00e6ndig kontrol over k\u00f8rselsruter.<\/p>\n<p>Hver k\u00f8rselsopgave er en mission, som \u2013 n\u00e5r den bliver fuldendt med success \u2013 er det bedste bevis p\u00e5 vores p\u00e5lidelighed og h\u00f8j kvalitet.<\/p>\n<p>Vi er altid i stand til at opfylde forventninger fra det konstant voksende kundekreds. For os er ingenting umuligt, og alt hvad vi g\u00f8r, g\u00f8r vi med passion!<\/p>\n<p>Vi besk\u00e6ftiger os hovedsageligt med transportydelser i\u00a0Skandinavien og Vesteuropa. Vi har alle de n\u00f8dvendige certifikater og tilladelser til international k\u00f8rsel. Vi r\u00e5der over administrative resourcer og faciliteter til overv\u00e5gning af logistikprocesser og optimering af udf\u00f8relsen af opgaver. <\/p>\n<p>Vi har fast samarbejde med mange udenlandske virksomheder og samtidig er vi \u00e5bne over for nye forretningskontakter. Vores faglige dygtighed og p\u00e5lidelighed g\u00f8r os til en trov\u00e6rdig partner for netop Deres virksomhed. <\/p>","protected":false},"excerpt":{"rendered":"<p>KF LOGISTIC er et internationalt transportfirma, der ud\u00f8ver sin virksomhed p\u00e5 det skandinaviske marked. Vores r\u00f8dder g\u00e5r tilbage til 1985. Den opn\u00e5ede succes med at drive vores forretning, den h\u00f8stede erfaring samt de voksende krav fra markedet har givet os en\u00a0tilskyndelse til at starte virksomheden i Polen. For nuv\u00e6rende omfatter vores vognpark 27 moderne s\u00e6ttevognstr\u00e6kkere, &hellip; <a href=\"http:\/\/kf-logistic.com\/dk\/o-nas\/\" class=\"more-link\">Continue reading <span class=\"screen-reader-text\">OM OS<\/span><\/a><\/p>\n","protected":false},"author":1,"featured_media":0,"parent":0,"menu_order":0,"comment_status":"closed","ping_status":"closed","template":"","meta":[],"acf":[],"_links":{"self":[{"href":"http:\/\/kf-logistic.com\/dk\/wp-json\/wp\/v2\/pages\/7"}],"collection":[{"href":"http:\/\/kf-logistic.com\/dk\/wp-json\/wp\/v2\/pages"}],"about":[{"href":"http:\/\/kf-logistic.com\/dk\/wp-json\/wp\/v2\/types\/page"}],"author":[{"embeddable":true,"href":"http:\/\/kf-logistic.com\/dk\/wp-json\/wp\/v2\/users\/1"}],"replies":[{"embeddable":true,"href":"http:\/\/kf-logistic.com\/dk\/wp-json\/wp\/v2\/comments?post=7"}],"version-history":[{"count":4,"href":"http:\/\/kf-logistic.com\/dk\/wp-json\/wp\/v2\/pages\/7\/revisions"}],"predecessor-version":[{"id":176,"href":"http:\/\/kf-logistic.com\/dk\/wp-json\/wp\/v2\/pages\/7\/revisions\/176"}],"wp:attachment":[{"href":"http:\/\/kf-logistic.com\/dk\/wp-json\/wp\/v2\/media?parent=7"}],"curies":[{"name":"wp","href":"https:\/\/api.w.org\/{rel}","templated":true}]}}